{"id":351,"date":"2021-05-10T15:22:24","date_gmt":"2021-05-10T15:22:24","guid":{"rendered":"https:\/\/www.marketvalue.fr\/mentions-legales\/"},"modified":"2023-11-16T12:58:19","modified_gmt":"2023-11-16T12:58:19","slug":"mentions-legales","status":"publish","type":"page","link":"https:\/\/staging.mv-design.fr\/en\/mentions-legales\/","title":{"rendered":"MENTIONS-LEGALES"},"content":{"rendered":"<div data-elementor-type=\"wp-page\" data-elementor-id=\"351\" class=\"elementor elementor-351\" data-elementor-post-type=\"page\">\n\t\t\t\t\t\t<section class=\"ob-is-breaking-bad elementor-section elementor-top-section elementor-element elementor-element-3bdccf51 elementor-section-full_width elementor-section-height-default elementor-section-height-default\" data-id=\"3bdccf51\" data-element_type=\"section\" data-settings=\"{&quot;_ob_bbad_use_it&quot;:&quot;yes&quot;,&quot;_ob_bbad_sssic_use&quot;:&quot;no&quot;,&quot;_ob_glider_is_slider&quot;:&quot;no&quot;}\">\n\t\t\t\t\t\t<div class=\"elementor-container elementor-column-gap-default\">\n\t\t\t\t\t<div class=\"elementor-column elementor-col-100 elementor-top-column elementor-element elementor-element-42bcaf08\" data-id=\"42bcaf08\" data-element_type=\"column\" data-settings=\"{&quot;_ob_bbad_is_stalker&quot;:&quot;no&quot;,&quot;_ob_teleporter_use&quot;:false,&quot;_ob_column_hoveranimator&quot;:&quot;no&quot;,&quot;_ob_column_has_pseudo&quot;:&quot;no&quot;}\">\n\t\t\t<div class=\"elementor-widget-wrap elementor-element-populated\">\n\t\t\t\t\t\t<div class=\"elementor-element elementor-element-f0b7456 ob-has-background-overlay elementor-widget elementor-widget-spacer\" data-id=\"f0b7456\" data-element_type=\"widget\" data-settings=\"{&quot;_ob_spacerat_use&quot;:&quot;no&quot;,&quot;_ob_perspektive_use&quot;:&quot;no&quot;,&quot;_ob_poopart_use&quot;:&quot;yes&quot;,&quot;_ob_shadough_use&quot;:&quot;no&quot;,&quot;_ob_allow_hoveranimator&quot;:&quot;no&quot;,&quot;_ob_widget_stalker_use&quot;:&quot;no&quot;}\" data-widget_type=\"spacer.default\">\n\t\t\t\t<div class=\"elementor-widget-container\">\n\t\t\t<style>\/*! elementor - v3.20.0 - 26-03-2024 *\/\n.elementor-column .elementor-spacer-inner{height:var(--spacer-size)}.e-con{--container-widget-width:100%}.e-con-inner>.elementor-widget-spacer,.e-con>.elementor-widget-spacer{width:var(--container-widget-width,var(--spacer-size));--align-self:var(--container-widget-align-self,initial);--flex-shrink:0}.e-con-inner>.elementor-widget-spacer>.elementor-widget-container,.e-con>.elementor-widget-spacer>.elementor-widget-container{height:100%;width:100%}.e-con-inner>.elementor-widget-spacer>.elementor-widget-container>.elementor-spacer,.e-con>.elementor-widget-spacer>.elementor-widget-container>.elementor-spacer{height:100%}.e-con-inner>.elementor-widget-spacer>.elementor-widget-container>.elementor-spacer>.elementor-spacer-inner,.e-con>.elementor-widget-spacer>.elementor-widget-container>.elementor-spacer>.elementor-spacer-inner{height:var(--container-widget-height,var(--spacer-size))}.e-con-inner>.elementor-widget-spacer.elementor-widget-empty,.e-con>.elementor-widget-spacer.elementor-widget-empty{position:relative;min-height:22px;min-width:22px}.e-con-inner>.elementor-widget-spacer.elementor-widget-empty .elementor-widget-empty-icon,.e-con>.elementor-widget-spacer.elementor-widget-empty .elementor-widget-empty-icon{position:absolute;top:0;bottom:0;left:0;right:0;margin:auto;padding:0;width:22px;height:22px}<\/style>\t\t<div class=\"elementor-spacer\">\n\t\t\t<div class=\"elementor-spacer-inner\"><\/div>\n\t\t<\/div>\n\t\t\t\t<\/div>\n\t\t\t\t<\/div>\n\t\t\t\t<div class=\"elementor-element elementor-element-0a04bd3 ob-harakiri-inherit ob-has-background-overlay elementor-widget elementor-widget-heading\" data-id=\"0a04bd3\" data-element_type=\"widget\" data-settings=\"{&quot;_ob_use_harakiri&quot;:&quot;yes&quot;,&quot;_ob_harakiri_writing_mode&quot;:&quot;inherit&quot;,&quot;_ob_harakiri_text_clip&quot;:&quot;none&quot;,&quot;_ob_perspektive_use&quot;:&quot;no&quot;,&quot;_ob_poopart_use&quot;:&quot;yes&quot;,&quot;_ob_shadough_use&quot;:&quot;no&quot;,&quot;_ob_allow_hoveranimator&quot;:&quot;no&quot;,&quot;_ob_widget_stalker_use&quot;:&quot;no&quot;}\" data-widget_type=\"heading.default\">\n\t\t\t\t<div class=\"elementor-widget-container\">\n\t\t\t<style>\/*! elementor - v3.20.0 - 26-03-2024 *\/\n.elementor-heading-title{padding:0;margin:0;line-height:1}.elementor-widget-heading .elementor-heading-title[class*=elementor-size-]>a{color:inherit;font-size:inherit;line-height:inherit}.elementor-widget-heading .elementor-heading-title.elementor-size-small{font-size:15px}.elementor-widget-heading .elementor-heading-title.elementor-size-medium{font-size:19px}.elementor-widget-heading .elementor-heading-title.elementor-size-large{font-size:29px}.elementor-widget-heading .elementor-heading-title.elementor-size-xl{font-size:39px}.elementor-widget-heading .elementor-heading-title.elementor-size-xxl{font-size:59px}<\/style><h2 class=\"elementor-heading-title elementor-size-default\">PRIVACY POLICY<\/h2>\t\t<\/div>\n\t\t\t\t<\/div>\n\t\t\t\t<div class=\"elementor-element elementor-element-bb993be ob-harakiri-inherit ob-has-background-overlay elementor-widget elementor-widget-text-editor\" data-id=\"bb993be\" data-element_type=\"widget\" data-settings=\"{&quot;_ob_use_harakiri&quot;:&quot;yes&quot;,&quot;_ob_harakiri_writing_mode&quot;:&quot;inherit&quot;,&quot;_ob_postman_use&quot;:&quot;no&quot;,&quot;_ob_perspektive_use&quot;:&quot;no&quot;,&quot;_ob_poopart_use&quot;:&quot;yes&quot;,&quot;_ob_shadough_use&quot;:&quot;no&quot;,&quot;_ob_allow_hoveranimator&quot;:&quot;no&quot;,&quot;_ob_widget_stalker_use&quot;:&quot;no&quot;}\" data-widget_type=\"text-editor.default\">\n\t\t\t\t<div class=\"elementor-widget-container\">\n\t\t\t<style>\/*! elementor - v3.20.0 - 26-03-2024 *\/\n.elementor-widget-text-editor.elementor-drop-cap-view-stacked .elementor-drop-cap{background-color:#69727d;color:#fff}.elementor-widget-text-editor.elementor-drop-cap-view-framed .elementor-drop-cap{color:#69727d;border:3px solid;background-color:transparent}.elementor-widget-text-editor:not(.elementor-drop-cap-view-default) .elementor-drop-cap{margin-top:8px}.elementor-widget-text-editor:not(.elementor-drop-cap-view-default) .elementor-drop-cap-letter{width:1em;height:1em}.elementor-widget-text-editor .elementor-drop-cap{float:left;text-align:center;line-height:1;font-size:50px}.elementor-widget-text-editor .elementor-drop-cap-letter{display:inline-block}<\/style>\t\t\t\t<section id=\"sec-5fde\" class=\"u-clearfix u-section-2\"><div class=\"u-clearfix u-sheet u-sheet-1\"><p class=\"u-text u-text-1\"><b>TERMS OF USE <\/b><\/p><p class=\"p1\">MV Design a ouvert le site <a href=\"https:\/\/staging.mv-design.fr\/en\/\">https:\/\/staging.mv-design.fr\/<\/a> pour d\u00e9livrer des informations actualis\u00e9es sur MV Design tant \u00e0 ses salari\u00e9s qu\u2019\u00e0 tout public professionnel ou priv\u00e9 souhaitant conna\u00eetre l\u2019agence et ses r\u00e9alisations.<br \/>The use of the website is subject to compliance with the terms of use detailed below and the laws applicable in France. Anyone who accesses the site must respect these terms of use. Market Value reserves has the right to modify and update at any time the access to the site as well as the terms of use.<br \/>MV Design se r\u00e9serve le droit de modifier et mettre \u00e0 jour \u00e0 tout moment l\u2019acc\u00e8s aux sites ainsi que les Conditions G\u00e9n\u00e9rales. Ces modifications et mises \u00e0 jour s\u2019imposent \u00e0 l\u2019utilisateur qui doit en cons\u00e9quence se r\u00e9f\u00e9rer r\u00e9guli\u00e8rement \u00e0 cette rubrique pour v\u00e9rifier les Conditions G\u00e9n\u00e9rales en vigueur.<br \/>MV Design se r\u00e9serve le droit de modifier et\/ou de supprimer, tout ou partie du site et ce, sans pr\u00e9avis et sans avoir \u00e0 en informer pr\u00e9alablement les internautes.<br \/>MV Design d\u00e9cline toute responsabilit\u00e9 pour les difficult\u00e9s rencontr\u00e9es lors de l\u2019acc\u00e8s \u00e0 son site ou pour toute d\u00e9faillance de communication.<\/p><p class=\"p1\"><strong>TRANSFER OF RIGHTS<\/strong><\/p><p class=\"p1\">MV Design est propri\u00e9taire des droits de propri\u00e9t\u00e9 intellectuelle ou d\u00e9tient les droits d\u2019usage sur tous les \u00e9l\u00e9ments accessibles sur le site, notamment les textes, images, graphismes, logo, ic\u00f4nes, sons, logiciels.Toute reproduction, repr\u00e9sentation, modification, publication, adaptation de tout ou partie des \u00e9l\u00e9ments du site, quel que soit le moyen ou le proc\u00e9d\u00e9 utilis\u00e9, est interdite, sauf autorisation \u00e9crite pr\u00e9alable de MV Design.<br \/>Any unauthorized use of the site or of any of the elements contained within will be considered as counterfeit and subject to legal proceedings in accordance with the provisions of Articles L.335-2 et seq. of the French Intellectual Property Code.<\/p><p class=\"p1\"><strong>HYPERLINKS<\/strong><\/p><p class=\"p1\">Des liens hypertextes pr\u00e9sents sur le site de MV Design permettent l\u2019acc\u00e8s \u00e0 d\u2019autres sites sur lesquels MV Design n\u2019exerce aucun contr\u00f4le. La responsabilit\u00e9 de MV Design ne saurait en aucun cas \u00eatre engag\u00e9e en cas de pr\u00e9judice caus\u00e9 par le contenu d\u2019un ou plusieurs des sites rattach\u00e9s par un lien hypertexte.Il appartient aux internautes de prendre toutes les mesures appropri\u00e9es pour la protection de leur mat\u00e9riel, donn\u00e9es ou logiciel informatiques notamment contre les virus informatiques circulant sur le r\u00e9seau. MV Design ne saurait en aucun cas \u00eatre tenue responsable des dommages caus\u00e9s par un virus lors de la connexion \u00e0 ses sites.La mise en place d\u2019un lien hypertexte vers le site MV Design est possible mais n\u00e9cessite une autorisation pr\u00e9alable \u00e9crite de MV Design \/ Service D\u00e9veloppement.<\/p><p class=\"p1\"><strong>PROTECTION OF PERSONAL DATA<\/strong><\/p><p class=\"p1\">La consultation du site MV Design est possible sans que vous ayez \u00e0 r\u00e9v\u00e9ler votre identit\u00e9 ou toute autre information \u00e0 caract\u00e8re personnel.Concernant les informations \u00e0 caract\u00e8re nominatif que vous seriez amen\u00e9 \u00e0 nous communiquer, vous b\u00e9n\u00e9ficiez d\u2019un droit d\u2019acc\u00e8s et de rectification conform\u00e9ment \u00e0 la loi fran\u00e7aise \u00ab Informatique et Libert\u00e9 \u00bb n\u00b0 78-17 du 6 janvier 1978. La collecte de ces informations, via la rubrique \u00ab contact \u00bb et \u00ab recrutement \u00bb est n\u00e9cessaire pour r\u00e9pondre \u00e0 vos demandes de renseignement.Nous vous signalons qu\u2019afin d\u2019optimiser la qualit\u00e9 de notre site internet, certaines informations \u00e0 caract\u00e8re non personnel, relatives \u00e0 votre activit\u00e9 sur ce site, seront automatiquement collect\u00e9es.Ces informations sont destin\u00e9es \u00e0 MV Design et pourront servir de base \u00e0 des \u00e9tudes et analyses afin d\u2019optimiser nos sites.<br \/>Conform\u00e9ment \u00e0 la loi \u00ab informatique et libert\u00e9s \u00bb du 6 janvier 1978 modifi\u00e9e en 2004, vous b\u00e9n\u00e9ficiez d\u2019un droit d\u2019acc\u00e8s et de rectification aux informations qui vous concernent, que vous pouvez exercer en vous adressant \u00e0 MV Design, 89 rue de Monceau, 75008 Paris. Vous pouvez \u00e9galement, pour des motifs l\u00e9gitimes, vous opposer au traitement des donn\u00e9es vous concernant.La consultation du site MV Design est possible sans que vous ayez \u00e0 r\u00e9v\u00e9ler votre identit\u00e9 ou toute autre information \u00e0 caract\u00e8re personnel.<br \/>Vous pouvez \u00e9galement fournir spontan\u00e9ment des informations vous concernant via les rubriques \u00ab\u00a0contact\u00a0\u00bb, \u00ab\u00a0recrutement\u00a0\u00bb et \u00ab\u00a0newsletter\u00a0\u00bb de notre site internet.<br \/>Dans cette hypoth\u00e8se, les informations recueillies sont enregistr\u00e9es par MV Design en vue de traiter votre demande. La base l\u00e9gale de ce traitement est votre consentement.<br \/>Les donn\u00e9es collect\u00e9es seront communiqu\u00e9es aux seuls destinataires suivants, en fonction de votre demande\u00a0:<br \/><span style=\"text-decoration: underline;\">Demande de contact<\/span> : votre adresse email, votre message et les informations qu\u2019il contient sont transmis aux personnes concern\u00e9es par votre demande au sein de MV Design.<br \/><span style=\"text-decoration: underline;\">Recrutement<\/span>\u00a0: vos informations sont transmises au service des ressources humaines ainsi qu\u2019aux membres de l\u2019\u00e9quipe concern\u00e9es par l\u2019offre d\u2019emploi \u00e0 laquelle vous avez postul\u00e9e.<br \/><span style=\"text-decoration: underline;\">Newsletter<\/span> : votre adresse email est transmise \u00e0 l\u2019\u00e9quipe digitale de MV Design.<br \/>Les donn\u00e9es sont conserv\u00e9es pour des dur\u00e9es variables en fonction des finalit\u00e9s poursuivies\u00a0:<br \/><span style=\"text-decoration: underline;\">Demande de contact<\/span>\u00a0: vos donn\u00e9es sont conserv\u00e9es pendant le temps n\u00e9cessaire au traitement de votre demande.<br \/><span style=\"text-decoration: underline;\">Recrutement<\/span> : vos donn\u00e9es sont conserv\u00e9es le temps n\u00e9cessaire \u00e0 MV Design pour traiter votre candidature.<br \/><span style=\"text-decoration: underline;\">Newsletter<\/span>\u00a0: vos donn\u00e9es sont conserv\u00e9es tant que vous ne vous \u00eates pas d\u00e9sinscrits de la newsletter.<br \/>Conform\u00e9ment au R\u00e8glement (UE) 2016\/679 du 27 avril 2016 et \u00e0 la loi \u00ab\u00a0informatique et libert\u00e9s\u00a0\u00bb du 6 janvier 1978 modifi\u00e9e en 2018, vous pouvez acc\u00e9der aux donn\u00e9es vous concernant, les rectifier, demander leur effacement, exercer votre droit \u00e0 la limitation du traitement de vos donn\u00e9es et retirer \u00e0 tout moment votre consentement au traitement de vos donn\u00e9es. Consultez le site cnil.fr pour plus d\u2019informations sur vos droits.\u00a0<br \/>Pour exercer ces droits ou pour toute question sur le traitement de vos donn\u00e9es, vous pouvez contacter MV Design \u00e0 l\u2019adresse email suivante :\u00a0<a href=\"mailto:hello@mv-design.fr\"><span class=\"s1\">hello@mv-design.fr<\/span><\/a><span class=\"s2\">.<br \/><\/span>Si vous estimez, apr\u00e8s nous avoir contact\u00e9, que vos droits \u00ab\u00a0Informatiques et Libert\u00e9s\u00a0\u00bb ne sont pas respect\u00e9s, vous pouvez adresser une r\u00e9clamation \u00e0 la CNIL. Nous vous signalons qu\u2019afin d\u2019optimiser la qualit\u00e9 de notre site internet, certaines informations \u00e0 caract\u00e8re non personnel, relatives \u00e0 votre activit\u00e9 sur ce site, seront automatiquement collect\u00e9es.<br \/>Ces informations sont destin\u00e9es \u00e0 MV Design et pourront servir de base \u00e0 des \u00e9tudes et analyses afin d\u2019optimiser nos sites.<\/p><p class=\"p1\"><strong>APPLICABLE LAW - COMPETENT COURT<\/strong><\/p><p class=\"p1\">Le site internet MV Design est r\u00e9dig\u00e9 en fran\u00e7ais. Les pr\u00e9sentes Conditions G\u00e9n\u00e9rales d\u2019utilisation sont soumises au droit fran\u00e7ais. En cas de litige portant sur leur interpr\u00e9tation, les tribunaux fran\u00e7ais seront seuls comp\u00e9tents.<\/p><p class=\"p1\"><strong>COOKIES<\/strong><\/p><p class=\"p1\">MV Design vous informe que lors de la consultation du site, des informations relatives \u00e0 la navigation de votre terminal sont susceptibles d\u2019\u00eatre enregistr\u00e9es dans des \u00ab cookies \u00bb sous r\u00e9serve des param\u00e8tres concernant les cookies dans votre navigateur. Ces param\u00e8tres sont modifiables \u00e0 tous moments.<br \/>We only use this information for statistical analysis purposes and then the data is removed from the system.<br \/>verall, cookies help us provide you with a better website, by enabling us to monitor which pages you find useful and which you do not. A cookie in no way gives us access to your computer or any information about you, other than the data you choose to share with us.You can choose to accept or decline cookies. Most web browsers automatically accept cookies, but you can usually modify your browser setting to decline cookies if you prefer. This may prevent you from taking full advantage of the website.<br \/>\u2022 Internet Explorer\u2122: <a href=\"\/en\/\u00a0http:\/\/windows.microsoft.com\/fr-FR\/windows-vista\/Block-or-allow-cookies\/\">\u00a0http:\/\/windows.microsoft.com\/fr-FR\/windows-vista\/Block-or-allow-cookies<\/a><br \/>\u2022 Chrome\u2122 :\u00a0 <a href=\"http:\/\/support.google.com\/chrome\/bin\/answer.py?hl=fr&amp;hlrm=en&amp;answer=95647\">http:\/\/support.google.com\/chrome\/bin\/answer.py?hl=fr&amp;hlrm=en&amp;answer=95647<\/a><br \/>\u2022 Firefox\u2122 : <a href=\"http:\/\/support.mozilla.org\/fr\/kb\/Activer%20et%20d%C3%A9sactiver%20les%20cookies\">http:\/\/support.mozilla.org\/fr\/kb\/Activer%20et%20d%C3%A9sactiver%20les%20cookies<\/a><br \/>Pour tout autre navigateur non mentionn\u00e9 ci-dessus, n\u2019h\u00e9sitez pas \u00e0 consulter les aides de gestions des cookies disponibles sur internet.<br \/>Conform\u00e9ment \u00e0 la loi \u00ab informatique et libert\u00e9s \u00bb du 6 janvier 1978 modifi\u00e9e en 2004, vous b\u00e9n\u00e9ficiez d\u2019un droit d\u2019acc\u00e8s et de rectification aux informations qui vous concernent, que vous pouvez exercer en vous adressant \u00e0 MV Design, 89 rue de Monceau, 75008 Paris. Vous pouvez \u00e9galement, pour des motifs l\u00e9gitimes, vous opposer au traitement des donn\u00e9es vous concernant.<\/p><p><strong>WEBSITE:<\/strong><\/p><p class=\"p1\">Website realized by:<br \/>Superdev<br \/>1 all\u00e9e Duke Ellington 87067\u00a0LIMOGES &#8211; FRANCE<\/p><p class=\"p1\">Owner:<br \/>MV Design<br \/>89 rue de Monceau \u2013 75008 Paris<br \/>SAS au capital de 118.688 \u20ac<br \/>338 367 220 RCS Paris<br \/>T\u00e9l. : 01 47 61 87 02<\/p><p class=\"p1\">Host:<br \/>Keenton<br \/>27 rue Joubert \u2013 75009 Paris \u2013 France<\/p><p class=\"p1\">\u00a0<\/p><\/div><\/section>\t\t\t\t\t\t<\/div>\n\t\t\t\t<\/div>\n\t\t\t\t\t<\/div>\n\t\t<\/div>\n\t\t\t\t\t<\/div>\n\t\t<\/section>\n\t\t\t\t<\/div>","protected":false},"excerpt":{"rendered":"<p>MENTIONS L\u00c9GALES CONDITIONS D\u2019UTILISATION DU SITE MV Design a ouvert le site https:\/\/staging.mv-design.fr\/ pour d\u00e9livrer des informations actualis\u00e9es sur MV Design tant \u00e0 ses salari\u00e9s qu\u2019\u00e0 tout public professionnel ou priv\u00e9 souhaitant conna\u00eetre l\u2019agence et ses r\u00e9alisations.L\u2019utilisation du site est soumise au respect des conditions g\u00e9n\u00e9rales d\u2019acc\u00e8s et d\u2019utilisation d\u00e9taill\u00e9es ci-dessous et des lois applicables [&hellip;]<\/p>","protected":false},"author":1,"featured_media":0,"parent":0,"menu_order":7,"comment_status":"closed","ping_status":"closed","template":"","meta":{"footnotes":""},"categories":[],"tags":[],"class_list":["post-351","page","type-page","status-publish","hentry"],"_links":{"self":[{"href":"https:\/\/staging.mv-design.fr\/en\/wp-json\/wp\/v2\/pages\/351","targetHints":{"allow":["GET"]}}],"collection":[{"href":"https:\/\/staging.mv-design.fr\/en\/wp-json\/wp\/v2\/pages"}],"about":[{"href":"https:\/\/staging.mv-design.fr\/en\/wp-json\/wp\/v2\/types\/page"}],"author":[{"embeddable":true,"href":"https:\/\/staging.mv-design.fr\/en\/wp-json\/wp\/v2\/users\/1"}],"replies":[{"embeddable":true,"href":"https:\/\/staging.mv-design.fr\/en\/wp-json\/wp\/v2\/comments?post=351"}],"version-history":[{"count":27,"href":"https:\/\/staging.mv-design.fr\/en\/wp-json\/wp\/v2\/pages\/351\/revisions"}],"predecessor-version":[{"id":5215,"href":"https:\/\/staging.mv-design.fr\/en\/wp-json\/wp\/v2\/pages\/351\/revisions\/5215"}],"wp:attachment":[{"href":"https:\/\/staging.mv-design.fr\/en\/wp-json\/wp\/v2\/media?parent=351"}],"wp:term":[{"taxonomy":"category","embeddable":true,"href":"https:\/\/staging.mv-design.fr\/en\/wp-json\/wp\/v2\/categories?post=351"},{"taxonomy":"post_tag","embeddable":true,"href":"https:\/\/staging.mv-design.fr\/en\/wp-json\/wp\/v2\/tags?post=351"}],"curies":[{"name":"wp","href":"https:\/\/api.w.org\/{rel}","templated":true}]}}